{"id":17,"date":"2023-07-05T20:39:54","date_gmt":"2023-07-05T18:39:54","guid":{"rendered":"http:\/\/arras-roller.fr\/?page_id=17"},"modified":"2025-08-28T10:04:22","modified_gmt":"2025-08-28T08:04:22","slug":"roller-hockey","status":"publish","type":"page","link":"https:\/\/arras-roller.fr\/?page_id=17","title":{"rendered":"Roller Hockey"},"content":{"rendered":"\n<figure class=\"wp-block-image aligncenter size-large\"><img loading=\"lazy\" decoding=\"async\" width=\"1024\" height=\"501\" src=\"http:\/\/arras-roller.fr\/wp-content\/uploads\/2025\/08\/499655215_1204699234779450_4587079614833941961_n3-1024x501.jpg\" alt=\"\" class=\"wp-image-153\" srcset=\"https:\/\/arras-roller.fr\/wp-content\/uploads\/2025\/08\/499655215_1204699234779450_4587079614833941961_n3-1024x501.jpg 1024w, https:\/\/arras-roller.fr\/wp-content\/uploads\/2025\/08\/499655215_1204699234779450_4587079614833941961_n3-300x147.jpg 300w, https:\/\/arras-roller.fr\/wp-content\/uploads\/2025\/08\/499655215_1204699234779450_4587079614833941961_n3-768x376.jpg 768w, https:\/\/arras-roller.fr\/wp-content\/uploads\/2025\/08\/499655215_1204699234779450_4587079614833941961_n3-1536x752.jpg 1536w, https:\/\/arras-roller.fr\/wp-content\/uploads\/2025\/08\/499655215_1204699234779450_4587079614833941961_n3.jpg 2048w\" sizes=\"auto, (max-width: 1024px) 100vw, 1024px\" \/><\/figure>\n\n\n\n<p>Tu aimes le roller, tu aimes le hockey ? \ud83c\udfd2<\/p>\n\n\n\n<p>Viens nous rejoindre sur des patins !<\/p>\n\n\n\n<p>Entra\u00eenements le vendredi soir : juniors 18h30-20h et seniors 20h-22h \ud83c\udfd2\ud83e\udd45<\/p>\n\n\n\n<p>Au Skate Park de Ste Catherine \u00e0 c\u00f4t\u00e9 d&#8217;Arras.<\/p>\n\n\n\n<p><\/p>\n\n\n\n<p>Les Vyruces d\u2019Arras recrutent joueuses et joueurs pour la saison 2025\/2026 !<\/p>\n\n\n\n<p>Que vous soyez d\u00e9butant ou expert, vous pouvez rejoindre notre \u00e9quipe ! <img loading=\"lazy\" decoding=\"async\" height=\"16\" width=\"16\" alt=\"\ud83e\udd45\" src=\"https:\/\/static.xx.fbcdn.net\/images\/emoji.php\/v9\/t92\/1\/16\/1f945.png\"><\/p>\n\n\n\n<p><img loading=\"lazy\" decoding=\"async\" height=\"16\" width=\"16\" src=\"https:\/\/static.xx.fbcdn.net\/images\/emoji.php\/v9\/t42\/1\/16\/1f50e.png\" alt=\"\ud83d\udd0e\"> Ce qui est pr\u00e9vu pour l\u2019ann\u00e9e 2025\/2026 :<\/p>\n\n\n\n<p>-&gt; Engagement en championnat r\u00e9gional de la poule nord des Hauts de France<\/p>\n\n\n\n<p>-&gt; Entra\u00eenements le vendredi soir \u00e0 partir du 12 septembre 2025<\/p>\n\n\n\n<p>-&gt; La possibilit\u00e9 de s\u2019inscrire en tournoi<\/p>\n\n\n\n<p>Vous pouvez nous contacter par message priv\u00e9 sur notre page Facebook ou par mail <img loading=\"lazy\" decoding=\"async\" height=\"16\" width=\"16\" src=\"https:\/\/static.xx.fbcdn.net\/images\/emoji.php\/v9\/t22\/1\/16\/260e.png\" alt=\"\u260e\ufe0f\"><\/p>\n\n\n\n<div class=\"wp-block-columns is-layout-flex wp-container-core-columns-is-layout-28f84493 wp-block-columns-is-layout-flex\">\n<div class=\"wp-block-column is-layout-flow wp-block-column-is-layout-flow\" style=\"flex-basis:100%\">\n<div class=\"wp-block-buttons is-content-justification-center is-layout-flex wp-container-core-buttons-is-layout-a89b3969 wp-block-buttons-is-layout-flex\">\n<div class=\"wp-block-button\"><a class=\"wp-block-button__link has-text-align-center wp-element-button\" href=\"https:\/\/www.facebook.com\/vyruces\">Notre page Facebook : Vyruces Roller Hockey Arras<\/a><\/div>\n<\/div>\n<\/div>\n<\/div>\n\n\n\n<div class=\"wp-block-group has-global-padding is-layout-constrained wp-block-group-is-layout-constrained\">\n<div class=\"wp-block-buttons is-content-justification-center is-layout-flex wp-container-core-buttons-is-layout-a89b3969 wp-block-buttons-is-layout-flex\">\n<div class=\"wp-block-button\"><a class=\"wp-block-button__link wp-element-button\" href=\"vyruces@arras-roller.fr\">Mail : vyruces@arras-roller.fr<\/a><\/div>\n<\/div>\n<\/div>\n\n\n\n<figure class=\"wp-block-image size-large\"><img loading=\"lazy\" decoding=\"async\" width=\"723\" height=\"1024\" src=\"http:\/\/arras-roller.fr\/wp-content\/uploads\/2023\/07\/356023751_1669953373472176_2052974700161481486_n-723x1024.jpg\" alt=\"\" class=\"wp-image-35\" srcset=\"https:\/\/arras-roller.fr\/wp-content\/uploads\/2023\/07\/356023751_1669953373472176_2052974700161481486_n-723x1024.jpg 723w, https:\/\/arras-roller.fr\/wp-content\/uploads\/2023\/07\/356023751_1669953373472176_2052974700161481486_n-212x300.jpg 212w, https:\/\/arras-roller.fr\/wp-content\/uploads\/2023\/07\/356023751_1669953373472176_2052974700161481486_n-768x1088.jpg 768w, https:\/\/arras-roller.fr\/wp-content\/uploads\/2023\/07\/356023751_1669953373472176_2052974700161481486_n.jpg 959w\" sizes=\"auto, (max-width: 723px) 100vw, 723px\" \/><\/figure>\n","protected":false},"excerpt":{"rendered":"<p>Tu aimes le roller, tu aimes le hockey ? \ud83c\udfd2 Viens nous rejoindre sur des patins ! Entra\u00eenements le vendredi soir : juniors 18h30-20h et seniors 20h-22h \ud83c\udfd2\ud83e\udd45 Au Skate Park de Ste Catherine \u00e0 c\u00f4t\u00e9 d&#8217;Arras. Les Vyruces d\u2019Arras recrutent joueuses et joueurs pour la saison 2025\/2026 ! Que vous soyez d\u00e9butant ou expert, [&hellip;]<\/p>\n","protected":false},"author":1,"featured_media":0,"parent":0,"menu_order":0,"comment_status":"closed","ping_status":"closed","template":"","meta":{"footnotes":""},"class_list":["post-17","page","type-page","status-publish","hentry"],"_links":{"self":[{"href":"https:\/\/arras-roller.fr\/index.php?rest_route=\/wp\/v2\/pages\/17","targetHints":{"allow":["GET"]}}],"collection":[{"href":"https:\/\/arras-roller.fr\/index.php?rest_route=\/wp\/v2\/pages"}],"about":[{"href":"https:\/\/arras-roller.fr\/index.php?rest_route=\/wp\/v2\/types\/page"}],"author":[{"embeddable":true,"href":"https:\/\/arras-roller.fr\/index.php?rest_route=\/wp\/v2\/users\/1"}],"replies":[{"embeddable":true,"href":"https:\/\/arras-roller.fr\/index.php?rest_route=%2Fwp%2Fv2%2Fcomments&post=17"}],"version-history":[{"count":8,"href":"https:\/\/arras-roller.fr\/index.php?rest_route=\/wp\/v2\/pages\/17\/revisions"}],"predecessor-version":[{"id":154,"href":"https:\/\/arras-roller.fr\/index.php?rest_route=\/wp\/v2\/pages\/17\/revisions\/154"}],"wp:attachment":[{"href":"https:\/\/arras-roller.fr\/index.php?rest_route=%2Fwp%2Fv2%2Fmedia&parent=17"}],"curies":[{"name":"wp","href":"https:\/\/api.w.org\/{rel}","templated":true}]}}