{"id":19,"date":"2023-07-05T20:40:12","date_gmt":"2023-07-05T18:40:12","guid":{"rendered":"http:\/\/arras-roller.fr\/?page_id=19"},"modified":"2024-08-17T11:50:01","modified_gmt":"2024-08-17T09:50:01","slug":"roller-derby","status":"publish","type":"page","link":"https:\/\/arras-roller.fr\/?page_id=19","title":{"rendered":"Roller Derby"},"content":{"rendered":"\n<p>Le roller derby est un sport d&#8217;\u00e9quipe spectaculaire et exigeant qui se d\u00e9roule sur des patins \u00e0 roulettes. Il m\u00eale vitesse, strat\u00e9gie et contact physique, offrant une exp\u00e9rience unique et passionnante aux participants. Les joueur\u00b7euse doivent faire preuve d&#8217;agilit\u00e9, de coordination et de tactique pour marquer des points tout en d\u00e9fendant leur \u00e9quipe. C&#8217;est un sport \u00e0 l&#8217;atmosph\u00e8re \u00e9lectrique qui allie comp\u00e9tition, camaraderie et d\u00e9passement de soi.<\/p>\n\n\n\n<p>L&#8217;\u00e9quipe f\u00e9minin+ d&#8217;Arras, les Purples 2.0, est fi\u00e8re de repr\u00e9senter la ville au championnat national 2. <br><br>Tu veux d\u00e9couvrir le roller derby mais tu ne sais pas comment ? Rejoins-nous d\u00e8s maintenant sur l&#8217;un de nos entra\u00eenements au Skatepark de Sainte Catherine pour ton premier essai !<br>Les essais sont gratuits et nous pr\u00eatons l&#8217;\u00e9quipement si besoin ! \ud83d\ude80<\/p>\n\n\n\n<figure class=\"wp-block-image size-full\"><img loading=\"lazy\" decoding=\"async\" width=\"676\" height=\"960\" src=\"http:\/\/arras-roller.fr\/wp-content\/uploads\/2023\/07\/331309953_514340240850459_7194733082093047733_n.jpg\" alt=\"\" class=\"wp-image-25\" srcset=\"https:\/\/arras-roller.fr\/wp-content\/uploads\/2023\/07\/331309953_514340240850459_7194733082093047733_n.jpg 676w, https:\/\/arras-roller.fr\/wp-content\/uploads\/2023\/07\/331309953_514340240850459_7194733082093047733_n-211x300.jpg 211w\" sizes=\"auto, (max-width: 676px) 100vw, 676px\" \/><\/figure>\n\n\n\n<p><\/p>\n\n\n<div class=\"carousel-slider-outer carousel-slider-outer-image-carousel carousel-slider-outer-104\" style=\"--carousel-slider-nav-color:#f1f1f1;--carousel-slider-active-nav-color:#00d1b2;--carousel-slider-arrow-size:48px;--carousel-slider-bullet-size:10px\">\n<div id=\"&#039;id-104\" class=\"carousel-slider carousel-slider-104 arrows-visibility-hover dots-visibility-never arrows-outside dots-center dots-circle owl-carousel\" data-slide-type=\"image-carousel\" data-owl-settings='{\"nav\":true,\"dots\":false,\"slideBy\":1,\"stagePadding\":0,\"margin\":10,\"loop\":true,\"lazyLoad\":false,\"autoplay\":true,\"autoplayTimeout\":5000,\"autoplaySpeed\":500,\"autoplayHoverPause\":true,\"autoWidth\":false,\"responsive\":{\"300\":{\"items\":1},\"576\":{\"items\":2},\"768\":{\"items\":2},\"1024\":{\"items\":3},\"1280\":{\"items\":4},\"1536\":{\"items\":5}}}'>\n<div class=\"carousel-slider__item\">\n\t<a class=\"magnific-popup\" href=\"https:\/\/arras-roller.fr\/wp-content\/uploads\/2024\/08\/350440157_907966553599999_7741306134829867601_n.jpg\" data-width=\"2048\" data-height=\"1396\"><img loading=\"lazy\" decoding=\"async\" width=\"150\" height=\"150\" src=\"https:\/\/arras-roller.fr\/wp-content\/uploads\/2024\/08\/350440157_907966553599999_7741306134829867601_n-150x150.jpg\" class=\"attachment-thumbnail size-thumbnail\" alt=\"\" \/><div class=\"carousel-slider__caption\"><p class=\"caption\"><\/p><\/div><\/a><\/div>\n\n<div class=\"carousel-slider__item\">\n\t<a class=\"magnific-popup\" href=\"https:\/\/arras-roller.fr\/wp-content\/uploads\/2024\/08\/350360104_220115250829734_8862687230759118101_n.jpg\" data-width=\"2048\" data-height=\"1365\"><img loading=\"lazy\" decoding=\"async\" width=\"150\" height=\"150\" src=\"https:\/\/arras-roller.fr\/wp-content\/uploads\/2024\/08\/350360104_220115250829734_8862687230759118101_n-150x150.jpg\" class=\"attachment-thumbnail size-thumbnail\" alt=\"\" \/><div class=\"carousel-slider__caption\"><p class=\"caption\"><\/p><\/div><\/a><\/div>\n\n<div class=\"carousel-slider__item\">\n\t<a class=\"magnific-popup\" href=\"https:\/\/arras-roller.fr\/wp-content\/uploads\/2024\/08\/350449830_260316786574915_8613497129541464845_n.jpg\" data-width=\"2048\" data-height=\"1528\"><img loading=\"lazy\" decoding=\"async\" width=\"150\" height=\"150\" src=\"https:\/\/arras-roller.fr\/wp-content\/uploads\/2024\/08\/350449830_260316786574915_8613497129541464845_n-150x150.jpg\" class=\"attachment-thumbnail size-thumbnail\" alt=\"\" \/><div class=\"carousel-slider__caption\"><p class=\"caption\"><\/p><\/div><\/a><\/div>\n\n<div class=\"carousel-slider__item\">\n\t<a class=\"magnific-popup\" href=\"https:\/\/arras-roller.fr\/wp-content\/uploads\/2024\/08\/375211319_809512151182946_1726409220921005618_n.jpg\" data-width=\"750\" data-height=\"439\"><img loading=\"lazy\" decoding=\"async\" width=\"150\" height=\"150\" src=\"https:\/\/arras-roller.fr\/wp-content\/uploads\/2024\/08\/375211319_809512151182946_1726409220921005618_n-150x150.jpg\" class=\"attachment-thumbnail size-thumbnail\" alt=\"\" \/><div class=\"carousel-slider__caption\"><p class=\"caption\"><\/p><\/div><\/a><\/div>\n\n<div class=\"carousel-slider__item\">\n\t<a class=\"magnific-popup\" href=\"https:\/\/arras-roller.fr\/wp-content\/uploads\/2024\/08\/350626360_994690154858694_3889521569905098489_n.jpg\" data-width=\"2048\" data-height=\"1393\"><img loading=\"lazy\" decoding=\"async\" width=\"150\" height=\"150\" src=\"https:\/\/arras-roller.fr\/wp-content\/uploads\/2024\/08\/350626360_994690154858694_3889521569905098489_n-150x150.jpg\" class=\"attachment-thumbnail size-thumbnail\" alt=\"\" \/><div class=\"carousel-slider__caption\"><p class=\"caption\"><\/p><\/div><\/a><\/div>\n\n<\/div><!-- .carousel-slider-104 -->\n<\/div><!-- .carousel-slider-outer-104 -->\n\n\n\n\n<div class=\"wp-block-group alignfull has-global-padding is-layout-constrained wp-container-core-group-is-layout-d89aad35 wp-block-group-is-layout-constrained\" style=\"margin-top:0;margin-bottom:0;padding-top:var(--wp--preset--spacing--50);padding-right:var(--wp--preset--spacing--50);padding-bottom:var(--wp--preset--spacing--50);padding-left:var(--wp--preset--spacing--50)\">\n<div class=\"wp-block-group alignwide has-base-2-background-color has-background has-global-padding is-layout-constrained wp-container-core-group-is-layout-39412042 wp-block-group-is-layout-constrained\" style=\"border-radius:16px;padding-top:var(--wp--preset--spacing--40);padding-right:var(--wp--preset--spacing--50);padding-bottom:var(--wp--preset--spacing--40);padding-left:var(--wp--preset--spacing--50)\">\n<div style=\"height:var(--wp--preset--spacing--10)\" aria-hidden=\"true\" class=\"wp-block-spacer\"><\/div>\n\n\n\n<h2 class=\"wp-block-heading has-text-align-center has-x-large-font-size\">Rejoignez nous !<\/h2>\n\n\n\n<p class=\"has-text-align-center\">Suivez les actualit\u00e9s de nos deux \u00e9quipes sur Facebook pour rester inform\u00e9 de toutes les derni\u00e8res nouvelles et \u00e9v\u00e9nements !<\/p>\n\n\n\n<div class=\"wp-block-buttons is-content-justification-center is-layout-flex wp-container-core-buttons-is-layout-a89b3969 wp-block-buttons-is-layout-flex\">\n<div class=\"wp-block-button\"><a class=\"wp-block-button__link wp-element-button\" href=\"https:\/\/www.facebook.com\/RollerDerbyArras\">Purple 2.0<\/a><\/div>\n\n\n\n<div class=\"wp-block-button\"><a class=\"wp-block-button__link wp-element-button\" href=\"https:\/\/www.facebook.com\/RollerDerbyArras.RATM\">RATM<\/a><\/div>\n<\/div>\n\n\n\n<div style=\"height:var(--wp--preset--spacing--10)\" aria-hidden=\"true\" class=\"wp-block-spacer\"><\/div>\n<\/div>\n<\/div>\n","protected":false},"excerpt":{"rendered":"<p>Le roller derby est un sport d&#8217;\u00e9quipe spectaculaire et exigeant qui se d\u00e9roule sur des patins \u00e0 roulettes. Il m\u00eale vitesse, strat\u00e9gie et contact physique, offrant une exp\u00e9rience unique et passionnante aux participants. Les joueur\u00b7euse doivent faire preuve d&#8217;agilit\u00e9, de coordination et de tactique pour marquer des points tout en d\u00e9fendant leur \u00e9quipe. C&#8217;est un [&hellip;]<\/p>\n","protected":false},"author":1,"featured_media":54,"parent":0,"menu_order":0,"comment_status":"closed","ping_status":"closed","template":"","meta":{"footnotes":""},"class_list":["post-19","page","type-page","status-publish","has-post-thumbnail","hentry"],"_links":{"self":[{"href":"https:\/\/arras-roller.fr\/index.php?rest_route=\/wp\/v2\/pages\/19","targetHints":{"allow":["GET"]}}],"collection":[{"href":"https:\/\/arras-roller.fr\/index.php?rest_route=\/wp\/v2\/pages"}],"about":[{"href":"https:\/\/arras-roller.fr\/index.php?rest_route=\/wp\/v2\/types\/page"}],"author":[{"embeddable":true,"href":"https:\/\/arras-roller.fr\/index.php?rest_route=\/wp\/v2\/users\/1"}],"replies":[{"embeddable":true,"href":"https:\/\/arras-roller.fr\/index.php?rest_route=%2Fwp%2Fv2%2Fcomments&post=19"}],"version-history":[{"count":10,"href":"https:\/\/arras-roller.fr\/index.php?rest_route=\/wp\/v2\/pages\/19\/revisions"}],"predecessor-version":[{"id":127,"href":"https:\/\/arras-roller.fr\/index.php?rest_route=\/wp\/v2\/pages\/19\/revisions\/127"}],"wp:featuredmedia":[{"embeddable":true,"href":"https:\/\/arras-roller.fr\/index.php?rest_route=\/wp\/v2\/media\/54"}],"wp:attachment":[{"href":"https:\/\/arras-roller.fr\/index.php?rest_route=%2Fwp%2Fv2%2Fmedia&parent=19"}],"curies":[{"name":"wp","href":"https:\/\/api.w.org\/{rel}","templated":true}]}}