{"id":21,"date":"2023-07-05T20:40:49","date_gmt":"2023-07-05T18:40:49","guid":{"rendered":"http:\/\/arras-roller.fr\/?page_id=21"},"modified":"2025-08-28T09:43:25","modified_gmt":"2025-08-28T07:43:25","slug":"roller-fitness-vitesse-randonnee","status":"publish","type":"page","link":"https:\/\/arras-roller.fr\/?page_id=21","title":{"rendered":"Roller Fitness, Vitesse et Randonn\u00e9e"},"content":{"rendered":"\n<p>Le cours de Roller Fitness, Vitesse et Randonn\u00e9e est accessible \u00e0 tous niveaux \u00e0 partir de 16 ans. Nous vous proposons des cours en int\u00e9rieur au sein du Skate Parc de Ste Catherine pour apprendre \u00e0 rouler, freiner, faire des crois\u00e9s, demi-tour et d\u2019autres techniques et aussi vous amuser sur des rollers : balle aux prisonniers, foot, slalom, obstacles, relais&#8230; <br>Il est \u00e9galement possible en fonction du niveau et de la m\u00e9t\u00e9o de participer aux randonn\u00e9es organis\u00e9es chaque semaine : nous partons en groupe et \u00e9voluons sur des voies vertes, voies cyclables et en ville autour d\u2019Arras, St-Laurent-Blangy, Dainville\u2026<\/p>\n\n\n\n<p><\/p>\n\n\n\n<p>Pour les personnes motiv\u00e9es, nous participons \u00e9galement \u00e0 des comp\u00e9titions chaque ann\u00e9es : 24h du Mans Roller, 6h de Paris&#8230;<\/p>\n\n\n\n<p>Les horaires d&#8217;entrainement : RDV 20h au Skate Park de Sainte-Catherine, cours en int\u00e9rieur sur la piste et\/ou sorties ext\u00e9rieures aux alentours avec d\u00e9part de la salle.<\/p>\n\n\n\n<p>2 cours d&#8217;essai possible avec pr\u00eat de mat\u00e9riel. Pour les randonn\u00e9es : 1 cours d&#8217;essai obligatoire en int\u00e9rieur avant toute sortie, il faut savoir se diriger et freiner au minimum.<\/p>\n\n\n\n<p>Possible de rejoindre tout au long de l&#8217;ann\u00e9e. Cours tous les mercredis, pendant les vacances scolaires \u00e9galement.<\/p>\n\n\n\n<p><\/p>\n\n\n\n<p>Pour nous contacter, privil\u00e9gier la page Facebook &#8220;Roller Fitness &amp; Rando Arras&#8221;, nous sommes plus r\u00e9actifs que par mail.<\/p>\n\n\n\n<div class=\"wp-block-group alignfull has-global-padding is-layout-constrained wp-block-group-is-layout-constrained\">\n<div class=\"wp-block-group has-global-padding is-layout-constrained wp-block-group-is-layout-constrained\"><div class=\"carousel-slider-outer carousel-slider-outer-image-carousel carousel-slider-outer-67\" style=\"--carousel-slider-nav-color:#f1f1f1;--carousel-slider-active-nav-color:#00d1b2;--carousel-slider-arrow-size:48px;--carousel-slider-bullet-size:10px\">\n<div id=\"&#039;id-67\" class=\"carousel-slider carousel-slider-67 arrows-visibility-hover dots-visibility-never arrows-outside dots-center dots-circle owl-carousel\" data-slide-type=\"image-carousel\" data-owl-settings='{\"nav\":true,\"dots\":false,\"slideBy\":1,\"stagePadding\":0,\"margin\":10,\"loop\":true,\"lazyLoad\":true,\"autoplay\":true,\"autoplayTimeout\":5000,\"autoplaySpeed\":500,\"autoplayHoverPause\":true,\"autoWidth\":true,\"items\":1}'>\n<div class=\"carousel-slider__item\">\n\t<a class=\"magnific-popup\" href=\"https:\/\/arras-roller.fr\/wp-content\/uploads\/2024\/08\/450078934_1022767265641149_3247845769810192213_n.jpg\" data-width=\"1600\" data-height=\"900\"><img class=\"owl-lazy\" data-src=\"https:\/\/arras-roller.fr\/wp-content\/uploads\/2024\/08\/450078934_1022767265641149_3247845769810192213_n-150x150.jpg\" alt=\"Roller Fitness 24H du Mans\"><\/a><\/div>\n\n<div class=\"carousel-slider__item\">\n\t<a class=\"magnific-popup\" href=\"https:\/\/arras-roller.fr\/wp-content\/uploads\/2024\/08\/449502251_959258039544505_301747369311701451_n-1.jpg\" data-width=\"1200\" data-height=\"800\"><img class=\"owl-lazy\" data-src=\"https:\/\/arras-roller.fr\/wp-content\/uploads\/2024\/08\/449502251_959258039544505_301747369311701451_n-1-150x150.jpg\" alt=\"\"><\/a><\/div>\n\n<div class=\"carousel-slider__item\">\n\t<a class=\"magnific-popup\" href=\"https:\/\/arras-roller.fr\/wp-content\/uploads\/2024\/08\/449683286_959257959544513_1358236010731187901_n.jpg\" data-width=\"2048\" data-height=\"1152\"><img class=\"owl-lazy\" data-src=\"https:\/\/arras-roller.fr\/wp-content\/uploads\/2024\/08\/449683286_959257959544513_1358236010731187901_n-150x150.jpg\" alt=\"\"><\/a><\/div>\n\n<div class=\"carousel-slider__item\">\n\t<a class=\"magnific-popup\" href=\"https:\/\/arras-roller.fr\/wp-content\/uploads\/2024\/08\/422450566_848964317240545_1942487008933660985_n.jpg\" data-width=\"2048\" data-height=\"1152\"><img class=\"owl-lazy\" data-src=\"https:\/\/arras-roller.fr\/wp-content\/uploads\/2024\/08\/422450566_848964317240545_1942487008933660985_n-150x150.jpg\" alt=\"\"><\/a><\/div>\n\n<div class=\"carousel-slider__item\">\n\t<a class=\"magnific-popup\" href=\"https:\/\/arras-roller.fr\/wp-content\/uploads\/2024\/08\/453979312_1200351604539718_35857157899183425_n.jpg\" data-width=\"1024\" data-height=\"768\"><img class=\"owl-lazy\" data-src=\"https:\/\/arras-roller.fr\/wp-content\/uploads\/2024\/08\/453979312_1200351604539718_35857157899183425_n-150x150.jpg\" alt=\"\"><\/a><\/div>\n\n<div class=\"carousel-slider__item\">\n\t<a class=\"magnific-popup\" href=\"https:\/\/arras-roller.fr\/wp-content\/uploads\/2024\/08\/454009786_356225244201361_7335834585492625133_n.jpg\" data-width=\"1024\" data-height=\"768\"><img class=\"owl-lazy\" data-src=\"https:\/\/arras-roller.fr\/wp-content\/uploads\/2024\/08\/454009786_356225244201361_7335834585492625133_n-150x150.jpg\" alt=\"\"><\/a><\/div>\n\n<div class=\"carousel-slider__item\">\n\t<a class=\"magnific-popup\" href=\"https:\/\/arras-roller.fr\/wp-content\/uploads\/2023\/07\/347251519_637789008254987_5419545625772066527_n.jpg\" data-width=\"2048\" data-height=\"1152\"><img class=\"owl-lazy\" data-src=\"https:\/\/arras-roller.fr\/wp-content\/uploads\/2023\/07\/347251519_637789008254987_5419545625772066527_n-150x150.jpg\" alt=\"\"><\/a><\/div>\n\n<\/div><!-- .carousel-slider-67 -->\n<\/div><!-- .carousel-slider-outer-67 -->\n\n<\/div>\n<\/div>\n\n\n\n<div class=\"wp-block-group alignwide has-base-2-background-color has-background has-global-padding is-layout-constrained wp-container-core-group-is-layout-39412042 wp-block-group-is-layout-constrained\" style=\"border-radius:16px;padding-top:var(--wp--preset--spacing--40);padding-right:var(--wp--preset--spacing--50);padding-bottom:var(--wp--preset--spacing--40);padding-left:var(--wp--preset--spacing--50)\">\n<div style=\"height:var(--wp--preset--spacing--10)\" aria-hidden=\"true\" class=\"wp-block-spacer\"><\/div>\n\n\n\n<h2 class=\"wp-block-heading has-text-align-center has-x-large-font-size\">Rejoignez nous !<\/h2>\n\n\n\n<p class=\"has-text-align-center\">Suivez les actualit\u00e9s de notre section sur Facebook pour rester inform\u00e9 de toutes les derni\u00e8res nouvelles et \u00e9v\u00e9nements !<\/p>\n\n\n\n<div class=\"wp-block-buttons is-content-justification-center is-layout-flex wp-container-core-buttons-is-layout-a89b3969 wp-block-buttons-is-layout-flex\">\n<div class=\"wp-block-button\"><a class=\"wp-block-button__link wp-element-button\" href=\"https:\/\/www.facebook.com\/facebook.com\/ArrasRollerFitnessRando\">Notre Page Facebook : Roller Fitness &amp; Rando Arras<\/a><\/div>\n\n\n\n<div class=\"wp-block-button\"><a class=\"wp-block-button__link wp-element-button\">Par Email : fitnessvitesse@arras-roller.fr<\/a><\/div>\n<\/div>\n\n\n\n<div style=\"height:var(--wp--preset--spacing--10)\" aria-hidden=\"true\" class=\"wp-block-spacer\"><\/div>\n<\/div>\n\n\n\n<p><\/p>\n","protected":false},"excerpt":{"rendered":"<p>Le cours de Roller Fitness, Vitesse et Randonn\u00e9e est accessible \u00e0 tous niveaux \u00e0 partir de 16 ans. Nous vous proposons des cours en int\u00e9rieur au sein du Skate Parc de Ste Catherine pour apprendre \u00e0 rouler, freiner, faire des crois\u00e9s, demi-tour et d\u2019autres techniques et aussi vous amuser sur des rollers : balle aux [&hellip;]<\/p>\n","protected":false},"author":1,"featured_media":130,"parent":0,"menu_order":0,"comment_status":"closed","ping_status":"closed","template":"","meta":{"footnotes":""},"class_list":["post-21","page","type-page","status-publish","has-post-thumbnail","hentry"],"_links":{"self":[{"href":"https:\/\/arras-roller.fr\/index.php?rest_route=\/wp\/v2\/pages\/21","targetHints":{"allow":["GET"]}}],"collection":[{"href":"https:\/\/arras-roller.fr\/index.php?rest_route=\/wp\/v2\/pages"}],"about":[{"href":"https:\/\/arras-roller.fr\/index.php?rest_route=\/wp\/v2\/types\/page"}],"author":[{"embeddable":true,"href":"https:\/\/arras-roller.fr\/index.php?rest_route=\/wp\/v2\/users\/1"}],"replies":[{"embeddable":true,"href":"https:\/\/arras-roller.fr\/index.php?rest_route=%2Fwp%2Fv2%2Fcomments&post=21"}],"version-history":[{"count":22,"href":"https:\/\/arras-roller.fr\/index.php?rest_route=\/wp\/v2\/pages\/21\/revisions"}],"predecessor-version":[{"id":144,"href":"https:\/\/arras-roller.fr\/index.php?rest_route=\/wp\/v2\/pages\/21\/revisions\/144"}],"wp:featuredmedia":[{"embeddable":true,"href":"https:\/\/arras-roller.fr\/index.php?rest_route=\/wp\/v2\/media\/130"}],"wp:attachment":[{"href":"https:\/\/arras-roller.fr\/index.php?rest_route=%2Fwp%2Fv2%2Fmedia&parent=21"}],"curies":[{"name":"wp","href":"https:\/\/api.w.org\/{rel}","templated":true}]}}