{"id":23,"date":"2023-07-05T20:41:09","date_gmt":"2023-07-05T18:41:09","guid":{"rendered":"http:\/\/arras-roller.fr\/?page_id=23"},"modified":"2025-08-28T09:46:41","modified_gmt":"2025-08-28T07:46:41","slug":"roller-kids","status":"publish","type":"page","link":"https:\/\/arras-roller.fr\/?page_id=23","title":{"rendered":"Roller Kids"},"content":{"rendered":"\n<p>La section Roller Kids, permet d&#8217;apprendre et de progresser dans la pratique du roller (aussi bien en quad qu&#8217;en roller en ligne), dans une ambiance fun et conviviale. Les parents sont \u00e9galement de la partie, ce qui permet \u00e0 tous de passer un bon moment !<br><\/p>\n\n\n\n<p>Sont organis\u00e9s tout au long de l&#8217;ann\u00e9e : des s\u00e9ances d&#8217;apprentissage, des jeux, des d\u00e9fis, des courses, des sorties, et bien d&#8217;autres !<\/p>\n\n\n\n<p>Horaires : Tous les mardis (hors p\u00e9riode de vacances scolaires et jours f\u00e9ri\u00e9s)<br>De 19 \u00e0 20 heures<\/p>\n\n\n\n<p>COMPLET POUR LA SAISON 2025-2026<\/p>\n\n\n<div class=\"carousel-slider-outer carousel-slider-outer-image-carousel carousel-slider-outer-83\" style=\"--carousel-slider-nav-color:#f1f1f1;--carousel-slider-active-nav-color:#00d1b2;--carousel-slider-arrow-size:48px;--carousel-slider-bullet-size:10px\">\n<div id=\"&#039;id-83\" class=\"carousel-slider carousel-slider-83 arrows-visibility-hover dots-visibility-never arrows-outside dots-center dots-circle owl-carousel\" data-slide-type=\"image-carousel\" data-owl-settings='{\"nav\":true,\"dots\":false,\"slideBy\":1,\"stagePadding\":0,\"margin\":10,\"loop\":true,\"lazyLoad\":false,\"autoplay\":true,\"autoplayTimeout\":5000,\"autoplaySpeed\":500,\"autoplayHoverPause\":true,\"autoWidth\":true,\"responsive\":{\"300\":{\"items\":1},\"576\":{\"items\":2},\"768\":{\"items\":2},\"1024\":{\"items\":3},\"1280\":{\"items\":4},\"1536\":{\"items\":5}}}'>\n<div class=\"carousel-slider__item\">\n\t<a class=\"magnific-popup\" href=\"https:\/\/arras-roller.fr\/wp-content\/uploads\/2024\/08\/IMG_23231.jpg\" data-width=\"1024\" data-height=\"768\"><img loading=\"lazy\" decoding=\"async\" width=\"150\" height=\"150\" src=\"https:\/\/arras-roller.fr\/wp-content\/uploads\/2024\/08\/IMG_23231-150x150.jpg\" class=\"attachment-thumbnail size-thumbnail\" alt=\"\" \/><div class=\"carousel-slider__caption\"><p class=\"caption\"><\/p><\/div><\/a><\/div>\n\n<div class=\"carousel-slider__item\">\n\t<a class=\"magnific-popup\" href=\"https:\/\/arras-roller.fr\/wp-content\/uploads\/2024\/08\/d33a98b5-7dff-4fd2-b377-ac4a30439778-1.jpg\" data-width=\"2048\" data-height=\"1536\"><img loading=\"lazy\" decoding=\"async\" width=\"150\" height=\"150\" src=\"https:\/\/arras-roller.fr\/wp-content\/uploads\/2024\/08\/d33a98b5-7dff-4fd2-b377-ac4a30439778-1-150x150.jpg\" class=\"attachment-thumbnail size-thumbnail\" alt=\"\" \/><div class=\"carousel-slider__caption\"><p class=\"caption\"><\/p><\/div><\/a><\/div>\n\n<div class=\"carousel-slider__item\">\n\t<a class=\"magnific-popup\" href=\"https:\/\/arras-roller.fr\/wp-content\/uploads\/2024\/08\/IMG_34771.jpg\" data-width=\"1024\" data-height=\"768\"><img loading=\"lazy\" decoding=\"async\" width=\"150\" height=\"150\" src=\"https:\/\/arras-roller.fr\/wp-content\/uploads\/2024\/08\/IMG_34771-150x150.jpg\" class=\"attachment-thumbnail size-thumbnail\" alt=\"\" \/><div class=\"carousel-slider__caption\"><p class=\"caption\"><\/p><\/div><\/a><\/div>\n\n<div class=\"carousel-slider__item\">\n\t<a class=\"magnific-popup\" href=\"https:\/\/arras-roller.fr\/wp-content\/uploads\/2024\/08\/IMG_23211-1.jpg\" data-width=\"800\" data-height=\"600\"><img loading=\"lazy\" decoding=\"async\" width=\"150\" height=\"150\" src=\"https:\/\/arras-roller.fr\/wp-content\/uploads\/2024\/08\/IMG_23211-1-150x150.jpg\" class=\"attachment-thumbnail size-thumbnail\" alt=\"\" \/><div class=\"carousel-slider__caption\"><p class=\"caption\"><\/p><\/div><\/a><\/div>\n\n<div class=\"carousel-slider__item\">\n\t<a class=\"magnific-popup\" href=\"https:\/\/arras-roller.fr\/wp-content\/uploads\/2024\/08\/IMG_2983.jpg\" data-width=\"768\" data-height=\"576\"><img loading=\"lazy\" decoding=\"async\" width=\"150\" height=\"150\" src=\"https:\/\/arras-roller.fr\/wp-content\/uploads\/2024\/08\/IMG_2983-150x150.jpg\" class=\"attachment-thumbnail size-thumbnail\" alt=\"\" \/><div class=\"carousel-slider__caption\"><p class=\"caption\"><\/p><\/div><\/a><\/div>\n\n<div class=\"carousel-slider__item\">\n\t<a class=\"magnific-popup\" href=\"https:\/\/arras-roller.fr\/wp-content\/uploads\/2024\/08\/IMG_22171.jpg\" data-width=\"768\" data-height=\"1024\"><img loading=\"lazy\" decoding=\"async\" width=\"150\" height=\"150\" src=\"https:\/\/arras-roller.fr\/wp-content\/uploads\/2024\/08\/IMG_22171-150x150.jpg\" class=\"attachment-thumbnail size-thumbnail\" alt=\"\" \/><div class=\"carousel-slider__caption\"><p class=\"caption\"><\/p><\/div><\/a><\/div>\n\n<\/div><!-- .carousel-slider-83 -->\n<\/div><!-- .carousel-slider-outer-83 -->\n\n\n\n\n<div class=\"wp-block-group alignwide has-base-2-background-color has-background has-global-padding is-layout-constrained wp-container-core-group-is-layout-39412042 wp-block-group-is-layout-constrained\" style=\"border-radius:16px;padding-top:var(--wp--preset--spacing--40);padding-right:var(--wp--preset--spacing--50);padding-bottom:var(--wp--preset--spacing--40);padding-left:var(--wp--preset--spacing--50)\">\n<div style=\"height:var(--wp--preset--spacing--10)\" aria-hidden=\"true\" class=\"wp-block-spacer\"><\/div>\n\n\n\n<h2 class=\"wp-block-heading has-text-align-center has-x-large-font-size\">Contactez nous !<\/h2>\n\n\n\n<div class=\"wp-block-buttons is-content-justification-center is-layout-flex wp-container-core-buttons-is-layout-a89b3969 wp-block-buttons-is-layout-flex\">\n<div class=\"wp-block-button\"><a class=\"wp-block-button__link wp-element-button\" href=\"mailto:quad-kids@arras-roller.fr\">Par Email : quad-kids@arras-roller.fr<\/a><\/div>\n\n\n\n<div class=\"wp-block-button\"><a class=\"wp-block-button__link wp-element-button\" href=\"mailto:inline-kids@arras-roller.fr\">Par Email : inline-kids@arras-roller.fr<\/a><\/div>\n<\/div>\n\n\n\n<div style=\"height:0px\" aria-hidden=\"true\" class=\"wp-block-spacer\"><\/div>\n<\/div>\n\n\n\n<p><\/p>\n","protected":false},"excerpt":{"rendered":"<p>La section Roller Kids, permet d&#8217;apprendre et de progresser dans la pratique du roller (aussi bien en quad qu&#8217;en roller en ligne), dans une ambiance fun et conviviale. Les parents sont \u00e9galement de la partie, ce qui permet \u00e0 tous de passer un bon moment ! Sont organis\u00e9s tout au long de l&#8217;ann\u00e9e : des [&hellip;]<\/p>\n","protected":false},"author":1,"featured_media":0,"parent":0,"menu_order":0,"comment_status":"closed","ping_status":"closed","template":"","meta":{"footnotes":""},"class_list":["post-23","page","type-page","status-publish","hentry"],"_links":{"self":[{"href":"https:\/\/arras-roller.fr\/index.php?rest_route=\/wp\/v2\/pages\/23","targetHints":{"allow":["GET"]}}],"collection":[{"href":"https:\/\/arras-roller.fr\/index.php?rest_route=\/wp\/v2\/pages"}],"about":[{"href":"https:\/\/arras-roller.fr\/index.php?rest_route=\/wp\/v2\/types\/page"}],"author":[{"embeddable":true,"href":"https:\/\/arras-roller.fr\/index.php?rest_route=\/wp\/v2\/users\/1"}],"replies":[{"embeddable":true,"href":"https:\/\/arras-roller.fr\/index.php?rest_route=%2Fwp%2Fv2%2Fcomments&post=23"}],"version-history":[{"count":7,"href":"https:\/\/arras-roller.fr\/index.php?rest_route=\/wp\/v2\/pages\/23\/revisions"}],"predecessor-version":[{"id":146,"href":"https:\/\/arras-roller.fr\/index.php?rest_route=\/wp\/v2\/pages\/23\/revisions\/146"}],"wp:attachment":[{"href":"https:\/\/arras-roller.fr\/index.php?rest_route=%2Fwp%2Fv2%2Fmedia&parent=23"}],"curies":[{"name":"wp","href":"https:\/\/api.w.org\/{rel}","templated":true}]}}